{"id":10406,"date":"2023-01-03T01:04:16","date_gmt":"2023-01-03T01:04:16","guid":{"rendered":"https:\/\/lep-elevate.si\/?page_id=10406"},"modified":"2024-04-09T18:40:08","modified_gmt":"2024-04-09T18:40:08","slug":"about-me","status":"publish","type":"page","link":"https:\/\/lep-elevate.si\/sl\/about-me\/","title":{"rendered":"O ustanovitelju"},"content":{"rendered":"<div data-elementor-type=\"wp-page\" data-elementor-id=\"10406\" class=\"elementor elementor-10406\">\n\t\t\t\t\t\t\t\t\t<section class=\"elementor-section elementor-top-section elementor-element elementor-element-3fc6beb elementor-section-full_width qodef-elementor-content-grid elementor-section-height-default elementor-section-height-default\" data-id=\"3fc6beb\" data-element_type=\"section\">\n\t\t\t\t\t\t<div class=\"elementor-container elementor-column-gap-default\">\n\t\t\t\t\t<div class=\"elementor-column elementor-col-100 elementor-top-column elementor-element elementor-element-f3b784e\" data-id=\"f3b784e\" data-element_type=\"column\">\n\t\t\t<div class=\"elementor-widget-wrap elementor-element-populated\">\n\t\t\t\t\t\t\t\t<section class=\"elementor-section elementor-inner-section elementor-element elementor-element-2e96ec5 elementor-section-boxed elementor-section-height-default elementor-section-height-default qodef-elementor-content-no\" data-id=\"2e96ec5\" data-element_type=\"section\">\n\t\t\t\t\t\t<div class=\"elementor-container elementor-column-gap-default\">\n\t\t\t\t\t<div class=\"elementor-column elementor-col-50 elementor-inner-column elementor-element elementor-element-a309802\" data-id=\"a309802\" data-element_type=\"column\">\n\t\t\t<div class=\"elementor-widget-wrap elementor-element-populated\">\n\t\t\t\t\t\t\t\t<div class=\"elementor-element elementor-element-30ad338 elementor-widget elementor-widget-image\" data-id=\"30ad338\" data-element_type=\"widget\" data-widget_type=\"image.default\">\n\t\t\t\t<div class=\"elementor-widget-container\">\n\t\t\t<style>\/*! elementor - v3.13.3 - 22-05-2023 *\/\n.elementor-widget-image{text-align:center}.elementor-widget-image a{display:inline-block}.elementor-widget-image a img[src$=\".svg\"]{width:48px}.elementor-widget-image img{vertical-align:middle;display:inline-block}<\/style>\t\t\t\t\t\t\t\t\t\t\t\t\t<a href=\"https:\/\/www.linkedin.com\/in\/timlep\/\" target=\"_blank\">\n\t\t\t\t\t\t\t<img decoding=\"async\" width=\"683\" height=\"1024\" src=\"https:\/\/lep-elevate.si\/wp-content\/uploads\/2024\/04\/LEP_ELEVATE_PARTNERS_Tim_Lep1_Transparent-683x1024.png\" class=\"attachment-large size-large wp-image-13251\" alt=\"\" srcset=\"https:\/\/lep-elevate.si\/wp-content\/uploads\/2024\/04\/LEP_ELEVATE_PARTNERS_Tim_Lep1_Transparent-683x1024.png 683w, https:\/\/lep-elevate.si\/wp-content\/uploads\/2024\/04\/LEP_ELEVATE_PARTNERS_Tim_Lep1_Transparent-200x300.png 200w, https:\/\/lep-elevate.si\/wp-content\/uploads\/2024\/04\/LEP_ELEVATE_PARTNERS_Tim_Lep1_Transparent-768x1152.png 768w\" sizes=\"(max-width: 683px) 100vw, 683px\" \/>\t\t\t\t\t\t\t\t<\/a>\n\t\t\t\t\t\t\t\t\t\t\t\t\t\t\t<\/div>\n\t\t\t\t<\/div>\n\t\t\t\t\t<\/div>\n\t\t<\/div>\n\t\t\t\t<div class=\"elementor-column elementor-col-50 elementor-inner-column elementor-element elementor-element-c841e55 elementor-hidden-tablet\" data-id=\"c841e55\" data-element_type=\"column\">\n\t\t\t<div class=\"elementor-widget-wrap elementor-element-populated\">\n\t\t\t\t\t\t\t\t<div class=\"elementor-element elementor-element-fb97106 elementor-widget__width-initial elementor-widget elementor-widget-heading\" data-id=\"fb97106\" data-element_type=\"widget\" data-widget_type=\"heading.default\">\n\t\t\t\t<div class=\"elementor-widget-container\">\n\t\t\t<style>\/*! elementor - v3.13.3 - 22-05-2023 *\/\n.elementor-heading-title{padding:0;margin:0;line-height:1}.elementor-widget-heading .elementor-heading-title[class*=elementor-size-]>a{color:inherit;font-size:inherit;line-height:inherit}.elementor-widget-heading .elementor-heading-title.elementor-size-small{font-size:15px}.elementor-widget-heading .elementor-heading-title.elementor-size-medium{font-size:19px}.elementor-widget-heading .elementor-heading-title.elementor-size-large{font-size:29px}.elementor-widget-heading .elementor-heading-title.elementor-size-xl{font-size:39px}.elementor-widget-heading .elementor-heading-title.elementor-size-xxl{font-size:59px}<\/style><h2 class=\"elementor-heading-title elementor-size-default\">Tim Lep<\/h2>\t\t<\/div>\n\t\t\t\t<\/div>\n\t\t\t\t<div class=\"elementor-element elementor-element-1b26690 elementor-widget__width-initial elementor-widget elementor-widget-heading\" data-id=\"1b26690\" data-element_type=\"widget\" data-widget_type=\"heading.default\">\n\t\t\t\t<div class=\"elementor-widget-container\">\n\t\t\t<h2 class=\"elementor-heading-title elementor-size-default\">Ustanovitelj in izvr\u0161ni direktor<\/h2>\t\t<\/div>\n\t\t\t\t<\/div>\n\t\t\t\t<div class=\"elementor-element elementor-element-97b4d31 elementor-widget elementor-widget-text-editor\" data-id=\"97b4d31\" data-element_type=\"widget\" data-widget_type=\"text-editor.default\">\n\t\t\t\t<div class=\"elementor-widget-container\">\n\t\t\t<style>\/*! elementor - v3.13.3 - 22-05-2023 *\/\n.elementor-widget-text-editor.elementor-drop-cap-view-stacked .elementor-drop-cap{background-color:#69727d;color:#fff}.elementor-widget-text-editor.elementor-drop-cap-view-framed .elementor-drop-cap{color:#69727d;border:3px solid;background-color:transparent}.elementor-widget-text-editor:not(.elementor-drop-cap-view-default) .elementor-drop-cap{margin-top:8px}.elementor-widget-text-editor:not(.elementor-drop-cap-view-default) .elementor-drop-cap-letter{width:1em;height:1em}.elementor-widget-text-editor .elementor-drop-cap{float:left;text-align:center;line-height:1;font-size:50px}.elementor-widget-text-editor .elementor-drop-cap-letter{display:inline-block}<\/style>\t\t\t\t<p>Strokovnjak na podro\u010dju M&amp;A in dru\u017einskih investicijskih pisarn<\/p><p>Tim Lep je ustanovitelj <b>Lep Elevate Partners,<\/b> buti\u010dnega podjetja za finan\u010dno svetovanje, ki deluje v jugovzhodni Evropi <span style=\"color: var( --e-global-color-text ); letter-spacing: 0px; text-transform: initial;\">in sodeluje z <b>Batagel Group,<\/b> enim najve\u010djih slovenskih konglomeratov z ve\u010d kot 90 mio EUR knjigovodske vrednosti sredstev pri usmerjanju korporativnega razvoja skupine.<\/span><\/p><p>G. Lep je izku\u0161en strokovnjak <b>over 7 years of experience in mergers &amp; acquisitions advisory.<\/b> Z magisterijem iz ban\u010dnega in finan\u010dnega mened\u017ementa (cum laude) na Ekonomski fakulteti v Ljubljani je izpopolnil svoje znanje na podro\u010dju zdru\u017eitev in prevzemov v Sloveniji in Adriatik regiji.<\/p>\t\t\t\t\t\t<\/div>\n\t\t\t\t<\/div>\n\t\t\t\t<div class=\"elementor-element elementor-element-7279530 elementor-align-left elementor-widget elementor-widget-button\" data-id=\"7279530\" data-element_type=\"widget\" data-widget_type=\"button.default\">\n\t\t\t\t<div class=\"elementor-widget-container\">\n\t\t\t\t\t<div class=\"elementor-button-wrapper\">\n\t\t\t<a href=\"https:\/\/www.linkedin.com\/in\/timlep\/\" target=\"_blank\" class=\"elementor-button-link elementor-button elementor-size-md\" role=\"button\">\n\t\t\t\t\t\t<span class=\"elementor-button-content-wrapper\">\n\t\t\t\t\t\t\t<span class=\"elementor-button-icon elementor-align-icon-left\">\n\t\t\t\t<i aria-hidden=\"true\" class=\"fab fa-linkedin\"><\/i>\t\t\t<\/span>\n\t\t\t\t\t\t<span class=\"elementor-button-text\">Linkedin<\/span>\n\t\t<\/span>\n\t\t\t\t\t<\/a>\n\t\t<\/div>\n\t\t\t\t<\/div>\n\t\t\t\t<\/div>\n\t\t\t\t\t<\/div>\n\t\t<\/div>\n\t\t\t\t\t\t\t<\/div>\n\t\t<\/section>\n\t\t\t\t\t<\/div>\n\t\t<\/div>\n\t\t\t\t\t\t\t<\/div>\n\t\t<\/section>\n\t\t\t\t<section class=\"elementor-section elementor-top-section elementor-element elementor-element-72bda85 elementor-section-boxed elementor-section-height-default elementor-section-height-default qodef-elementor-content-no\" data-id=\"72bda85\" data-element_type=\"section\">\n\t\t\t\t\t\t<div class=\"elementor-container elementor-column-gap-default\">\n\t\t\t\t\t<div class=\"elementor-column elementor-col-100 elementor-top-column elementor-element elementor-element-f4d11ba\" data-id=\"f4d11ba\" data-element_type=\"column\">\n\t\t\t<div class=\"elementor-widget-wrap elementor-element-populated\">\n\t\t\t\t\t\t\t\t<div class=\"elementor-element elementor-element-f0c0ff9 elementor-widget elementor-widget-text-editor\" data-id=\"f0c0ff9\" data-element_type=\"widget\" data-widget_type=\"text-editor.default\">\n\t\t\t\t<div class=\"elementor-widget-container\">\n\t\t\t\t\t\t\t<div style=\"text-align: justify;\"><p>Preden je ustanovil podjetje <strong>Lep Elevate Partners<\/strong>, je g. Lep deloval kot neodvisni svetovalec za zdru\u017eitve in prevzeme v <strong>skupini UniCredit<\/strong>. Kariero je za\u010del kot kreditni analitik in nadaljeval kot <strong>specialist za M&amp;A,<\/strong>pri \u010demer je razvil mo\u010dno medsektorsko oporo. Kot priznanje za izjemno uspe\u0161nost je Tim Lep postal eden najmlaj\u0161ih prejemnikov nagrade UniCredit CEE Deal of the Quarter Award za svetovanje pri nakupu Adriatica Slovenice (takrat 3. najve\u010dje slovenske zavarovalnice).<\/p><\/div><div style=\"text-align: justify;\"><p>Pred delom na podro\u010dju zdru\u017eitev in prevzemov je g. Lep pokazal svojo strate\u0161ko bistrost in poslovne vpoglede v razli\u010dnih vlogah. Svetoval je vodstvu <strong>dru\u017ebe McDonald\u2019s Slovenija<\/strong> in bil vodja poslovnega razvoja v spin-off projektu finan\u010dne tehnolo\u0161ke <strong>dru\u017ebe Halcom<\/strong>. Poleg tega je aktivno sodeloval v svetovalnem klubu managementa pri <strong>A.T. Kearney<\/strong> in <strong>Zdru\u017eenje Manager Slovenije<\/strong>.<\/p><\/div><div style=\"text-align: justify;\"><p>Izjemne kvalitete in dose\u017eki Tima Lepa so po\u017eeli doma\u010da in mednarodna priznanja in nagrade. Prejel je Zoisovo \u0161tipendijo za posebne dose\u017eke. Skozi celotno izobra\u017eevanje je prejel najvi\u0161ja priznanja za odli\u010den u\u010dni uspeh. Na 15. dr\u017eavnem tekmovanju v znanju ekonomije pod pokroviteljstvom Zveze ekonomistov Slovenije je postal slovenski dr\u017eavni prvak. Na Ekonomski fakulteti v Ljubljani je Tim izstopal kot eden najbolj\u0161ih 5 % \u0161tudentov v svoji generaciji, na tekmovanju KPMG in \u201cAce the Case\u201d pa si je priboril prvo mesto ter prejel Pre\u0161ernovo nagrado za magistrsko delo z naslovom:<a href=\"http:\/\/www.cek.ef.uni-lj.si\/magister\/lep4094-B.pdf\" target=\"_blank\" rel=\"noopener\" aria-describedby=\"author50408451 language50408451\">\"Vrednost svetovalcev lastnikom podjetij v procesu prodaje lastni\u0161kega dele\u017ea\"<\/a>, kjer je analiziral 104 M&amp;A transakcije v Sloveniji in ugotovil, da so <strong>finan\u010dni svetovalci lastnikom podjetij v 20 letih prinesli ve\u010d kot 3,2 milijarde EUR dodane vrednosti.<\/strong><\/p><\/div><div style=\"text-align: justify;\"><p>G. Lep, znan po svoji ambicioznosti, strokovnosti in zanesljivosti, pristopi k vsaki stranki z veliko pozornostjo do podrobnosti. Njegovo globoko poznavanje trga in obse\u017ena mre\u017ea mu omogo\u010data, da prepozna edinstvene prilo\u017enosti in oblikuje prilagojene strategije, ki vodijo do uspeha. Njegova integriteta, transparentnost in predanost zagotavljanju izjemnih rezultatov so si prislu\u017eili zaupanje \u0161tevilnih priznanih strank.<\/p><\/div><div style=\"text-align: justify;\"><p>Izobrazba in jeziki:<\/p><ul style=\"list-style-type: square;\"><li>Univerza: Ekonomska fakulteta Ljubljana (Slovenija), Aston Business School v Birminghamu (Zdru\u017eeno kraljestvo)<\/li><li>Magisterij (MSc) iz ban\u010dnega in finan\u010dnega managementa (cum laude)<\/li><li>Certifikat o usposabljanju nadzornega sveta Zdru\u017eenja direktorjev Slovenije<\/li><li>Teko\u010de znanje sloven\u0161\u010dine, angle\u0161\u010dine, srb\u0161\u010dine\/hrva\u0161\u010dine in solidno znanje franco\u0161\u010dine<\/li><\/ul><\/div>\t\t\t\t\t\t<\/div>\n\t\t\t\t<\/div>\n\t\t\t\t<div class=\"elementor-element elementor-element-c494581 elementor-widget elementor-widget-spacer\" data-id=\"c494581\" data-element_type=\"widget\" data-widget_type=\"spacer.default\">\n\t\t\t\t<div class=\"elementor-widget-container\">\n\t\t\t<style>\/*! elementor - v3.13.3 - 22-05-2023 *\/\n.elementor-column .elementor-spacer-inner{height:var(--spacer-size)}.e-con{--container-widget-width:100%}.e-con-inner>.elementor-widget-spacer,.e-con>.elementor-widget-spacer{width:var(--container-widget-width,var(--spacer-size));--align-self:var(--container-widget-align-self,initial);--flex-shrink:0}.e-con-inner>.elementor-widget-spacer>.elementor-widget-container,.e-con-inner>.elementor-widget-spacer>.elementor-widget-container>.elementor-spacer,.e-con>.elementor-widget-spacer>.elementor-widget-container,.e-con>.elementor-widget-spacer>.elementor-widget-container>.elementor-spacer{height:100%}.e-con-inner>.elementor-widget-spacer>.elementor-widget-container>.elementor-spacer>.elementor-spacer-inner,.e-con>.elementor-widget-spacer>.elementor-widget-container>.elementor-spacer>.elementor-spacer-inner{height:var(--container-widget-height,var(--spacer-size))}<\/style>\t\t<div class=\"elementor-spacer\">\n\t\t\t<div class=\"elementor-spacer-inner\"><\/div>\n\t\t<\/div>\n\t\t\t\t<\/div>\n\t\t\t\t<\/div>\n\t\t\t\t\t<\/div>\n\t\t<\/div>\n\t\t\t\t\t\t\t<\/div>\n\t\t<\/section>\n\t\t\t\t\t\t\t<\/div>","protected":false},"excerpt":{"rendered":"<p>Tim Lep Founder &amp; CEO M&amp;A professional &amp; family office advisor Tim Lep is the founder of Lep Elevate Partners, a boutique financial advisory firm active in Southeast Europe and cooperates with Batagel Group, one of the largest Slovenian conglomerates with more than EUR 90mn of book value of assets in steering the Group&#8217;s Corporate [&hellip;]<\/p>","protected":false},"author":1,"featured_media":0,"parent":0,"menu_order":0,"comment_status":"closed","ping_status":"closed","template":"page-full-width.php","meta":{"footnotes":""},"class_list":["post-10406","page","type-page","status-publish","hentry"],"_links":{"self":[{"href":"https:\/\/lep-elevate.si\/sl\/wp-json\/wp\/v2\/pages\/10406","targetHints":{"allow":["GET"]}}],"collection":[{"href":"https:\/\/lep-elevate.si\/sl\/wp-json\/wp\/v2\/pages"}],"about":[{"href":"https:\/\/lep-elevate.si\/sl\/wp-json\/wp\/v2\/types\/page"}],"author":[{"embeddable":true,"href":"https:\/\/lep-elevate.si\/sl\/wp-json\/wp\/v2\/users\/1"}],"replies":[{"embeddable":true,"href":"https:\/\/lep-elevate.si\/sl\/wp-json\/wp\/v2\/comments?post=10406"}],"version-history":[{"count":194,"href":"https:\/\/lep-elevate.si\/sl\/wp-json\/wp\/v2\/pages\/10406\/revisions"}],"predecessor-version":[{"id":13271,"href":"https:\/\/lep-elevate.si\/sl\/wp-json\/wp\/v2\/pages\/10406\/revisions\/13271"}],"wp:attachment":[{"href":"https:\/\/lep-elevate.si\/sl\/wp-json\/wp\/v2\/media?parent=10406"}],"curies":[{"name":"wp","href":"https:\/\/api.w.org\/{rel}","templated":true}]}}