{"id":10508,"date":"2023-01-16T23:20:21","date_gmt":"2023-01-16T23:20:21","guid":{"rendered":"https:\/\/lep-elevate.si\/?page_id=10508"},"modified":"2023-06-30T14:15:22","modified_gmt":"2023-06-30T14:15:22","slug":"fundraising-advisory","status":"publish","type":"page","link":"https:\/\/lep-elevate.si\/sl\/fundraising-advisory\/","title":{"rendered":"Svetovanje pri zbiranju kapitala"},"content":{"rendered":"<div data-elementor-type=\"wp-page\" data-elementor-id=\"10508\" class=\"elementor elementor-10508\">\n\t\t\t\t\t\t\t\t\t<section class=\"elementor-section elementor-top-section elementor-element elementor-element-4900ea1 elementor-section-boxed elementor-section-height-default elementor-section-height-default qodef-elementor-content-no\" data-id=\"4900ea1\" data-element_type=\"section\">\n\t\t\t\t\t\t<div class=\"elementor-container elementor-column-gap-default\">\n\t\t\t\t\t<div class=\"elementor-column elementor-col-100 elementor-top-column elementor-element elementor-element-48ef7c5\" data-id=\"48ef7c5\" data-element_type=\"column\">\n\t\t\t<div class=\"elementor-widget-wrap elementor-element-populated\">\n\t\t\t\t\t\t\t\t<section class=\"elementor-section elementor-inner-section elementor-element elementor-element-b0af012 elementor-section-boxed elementor-section-height-default elementor-section-height-default qodef-elementor-content-no\" data-id=\"b0af012\" data-element_type=\"section\">\n\t\t\t\t\t\t<div class=\"elementor-container elementor-column-gap-default\">\n\t\t\t\t\t<div class=\"elementor-column elementor-col-100 elementor-inner-column elementor-element elementor-element-c27bcb9\" data-id=\"c27bcb9\" data-element_type=\"column\">\n\t\t\t<div class=\"elementor-widget-wrap elementor-element-populated\">\n\t\t\t\t\t\t\t\t<div class=\"elementor-element elementor-element-c1adf6c elementor-widget elementor-widget-halstein_core_section_title\" data-id=\"c1adf6c\" data-element_type=\"widget\" data-widget_type=\"halstein_core_section_title.default\">\n\t\t\t\t<div class=\"elementor-widget-container\">\n\t\t\t<div class=\"qodef-shortcode qodef-m  qodef-section-title qodef-alignment--left\">\n\t\t\t<h2 class=\"qodef-m-title\" >\n\t\t\t\t\t\u017delite zbrati kapital za rast svojega podjetja?\t\t\t<\/h2>\n\t\t\t<p class=\"qodef-m-text-field\" >\n\t\tNa\u0161e svetovalne storitve pri zbiranju sredstev vam lahko pomagajo krmariti v zapletenem procesu zbiranja kapitala, ga izjemno pospe\u0161ijo in pove\u010dajo vrednost, ki jo dobite za dele\u017e, ki se mu odre\u010dete.\t<\/p>\n\t<\/div>\n\t\t<\/div>\n\t\t\t\t<\/div>\n\t\t\t\t\t<\/div>\n\t\t<\/div>\n\t\t\t\t\t\t\t<\/div>\n\t\t<\/section>\n\t\t\t\t<section class=\"elementor-section elementor-inner-section elementor-element elementor-element-9ab8d47 elementor-section-boxed elementor-section-height-default elementor-section-height-default qodef-elementor-content-no\" data-id=\"9ab8d47\" data-element_type=\"section\">\n\t\t\t\t\t\t<div class=\"elementor-container elementor-column-gap-default\">\n\t\t\t\t\t<div class=\"elementor-column elementor-col-100 elementor-inner-column elementor-element elementor-element-a8ae1fb\" data-id=\"a8ae1fb\" data-element_type=\"column\">\n\t\t\t<div class=\"elementor-widget-wrap elementor-element-populated\">\n\t\t\t\t\t\t\t\t<div class=\"elementor-element elementor-element-8524988 elementor-widget elementor-widget-text-editor\" data-id=\"8524988\" data-element_type=\"widget\" data-widget_type=\"text-editor.default\">\n\t\t\t\t<div class=\"elementor-widget-container\">\n\t\t\t<style>\/*! elementor - v3.13.3 - 22-05-2023 *\/\n.elementor-widget-text-editor.elementor-drop-cap-view-stacked .elementor-drop-cap{background-color:#69727d;color:#fff}.elementor-widget-text-editor.elementor-drop-cap-view-framed .elementor-drop-cap{color:#69727d;border:3px solid;background-color:transparent}.elementor-widget-text-editor:not(.elementor-drop-cap-view-default) .elementor-drop-cap{margin-top:8px}.elementor-widget-text-editor:not(.elementor-drop-cap-view-default) .elementor-drop-cap-letter{width:1em;height:1em}.elementor-widget-text-editor .elementor-drop-cap{float:left;text-align:center;line-height:1;font-size:50px}.elementor-widget-text-editor .elementor-drop-cap-letter{display:inline-block}<\/style>\t\t\t\t<p>Od za\u010detnega kapitala prek financiranja serije A in naprej, na\u0161e znanje in izku\u0161nje ter evidence nam omogo\u010dajo, da u\u010dinkovito pomagamo pri va\u0161em pove\u010danju skozi postopek zbiranja sredstev. Sodelujemo z vami, da bi razumeli va\u0161e namene in cilje, preden ustvarimo edinstven pristop, ki bo va\u0161i organizaciji pomagal najti prave partnerje za vas. Aktivno vam bomo pomagali z zagotavljanjem financiranja, ki ga potrebujete na vsaki stopnji va\u0161ega ambicioznega na\u010drta rasti!<\/p><p>Na\u0161e svetovalne storitve pri zbiranju sredstev vklju\u010dujejo:<\/p><ul><li><span style=\"color: #7f37bb;\"><strong>Strategija in strukturiranje:<\/strong> <\/span>Skupaj z vami razvijamo jasen na\u010drt za zbiranje kapitala, vklju\u010dno z identifikacijo potencialnih vlagateljev in razvojem \u010dasovnice za postopek.<\/li><li><span style=\"color: #7f37bb;\"><strong>Vrednotenje in potrebe po financiranju:<\/strong><\/span> Naro\u010dniku pomagamo dolo\u010diti potrebe po financiranju za naslednji cikel rasti in pomagamo ovrednotiti podjetje pri pogajanjih o najbolj\u0161ih mo\u017enih pogojih nalo\u017ebe.<\/li><li><span style=\"color: #7f37bb;\"><strong>Podpora pri predstavitvi in \u200b\u200bozave\u0161\u010danje:<\/strong><\/span> Uporabljamo na\u0161o obse\u017eno mre\u017eo stikov in strokovnega znanja pri zbiranju sredstev, da prepoznamo, pristopimo in podpremo va\u0161o predstavo potencialnim vlagateljem za va\u0161e podjetje.<\/li><li><span style=\"color: #7f37bb;\"><strong>Pogajanja in zaklju\u010dek:<\/strong><\/span> Pogajamo se v imenu naro\u010dnika, da mu zagotovimo najbolj\u0161e mo\u017ene pogoje za nalo\u017ebo v njegovo podjetje.<\/li><\/ul><p>Osredoto\u010dite se le na dejavnosti, ki vam prina\u0161ajo najve\u010dji mo\u017eni rezultat. V postopek zbiranja sredstev vklju\u010dite strokovnjake, ki vam bodo pomagali na vsaki stopnji za najbolj\u0161e in najhitrej\u0161e rezultate.<\/p><p>Obrnite se na nas, \u010de \u017eelite izvedeti ve\u010d o na\u0161ih svetovalnih storitvah za zbiranje sredstev. Vkrcajmo se na ladjo rasti z zbiranjem kapitala!<\/p>\t\t\t\t\t\t<\/div>\n\t\t\t\t<\/div>\n\t\t\t\t\t<\/div>\n\t\t<\/div>\n\t\t\t\t\t\t\t<\/div>\n\t\t<\/section>\n\t\t\t\t\t<\/div>\n\t\t<\/div>\n\t\t\t\t\t\t\t<\/div>\n\t\t<\/section>\n\t\t\t\t<section class=\"elementor-section elementor-top-section elementor-element elementor-element-48f32c7b elementor-section-boxed elementor-section-height-default elementor-section-height-default qodef-elementor-content-no\" data-id=\"48f32c7b\" data-element_type=\"section\">\n\t\t\t\t\t\t<div class=\"elementor-container elementor-column-gap-default\">\n\t\t\t\t\t<div class=\"elementor-column elementor-col-100 elementor-top-column elementor-element elementor-element-41ffab4e\" data-id=\"41ffab4e\" data-element_type=\"column\">\n\t\t\t<div class=\"elementor-widget-wrap elementor-element-populated\">\n\t\t\t\t\t\t\t\t<section class=\"elementor-section elementor-inner-section elementor-element elementor-element-5a598648 elementor-section-boxed elementor-section-height-default elementor-section-height-default qodef-elementor-content-no\" data-id=\"5a598648\" data-element_type=\"section\">\n\t\t\t\t\t\t<div class=\"elementor-container elementor-column-gap-default\">\n\t\t\t\t\t<div class=\"elementor-column elementor-col-100 elementor-inner-column elementor-element elementor-element-4aed16f1\" data-id=\"4aed16f1\" data-element_type=\"column\">\n\t\t\t<div class=\"elementor-widget-wrap elementor-element-populated\">\n\t\t\t\t\t\t\t\t<div class=\"elementor-element elementor-element-7dff17df elementor-widget elementor-widget-qi_addons_for_elementor_accordion\" data-id=\"7dff17df\" data-element_type=\"widget\" data-widget_type=\"qi_addons_for_elementor_accordion.default\">\n\t\t\t\t<div class=\"elementor-widget-container\">\n\t\t\t<div class=\"qodef-shortcode qodef-m  qodef-qi-accordion qodef-qi-clear qodef-behavior--toggle qodef-layout--simple qodef-style--standard\">\n\t<h3 class=\"qodef-e-title-holder\">\n\t<span class=\"qodef-e-title\">Kaj je vklju\u010deno v va\u0161e svetovalne storitve pri zbiranju kapitala?<\/span>\n\t<span class=\"qodef-e-mark\">\n\t\t<span class=\"qodef-icon--plus\">\n\t\t\t\t\t\t\t+\n\t\t\t\t\t\t<\/span>\n\t\t<span class=\"qodef-icon--minus\">\n\t\t\t\t\t\t\t-\n\t\t\t\t\t\t<\/span>\n\t<\/span>\n<\/h3>\n<div class=\"qodef-e-content\">\n\t<div class=\"qodef-e-content-inner\">\n\t\t<p>Na\u0161e svetovalne storitve pri zbiranju sredstev vklju\u010dujejo svetovanje o strategiji in strukturiranju, vrednotenje in dolo\u010danje potreb po financiranju, podporo pri predstavitvi in \u200b\u200bdoseganje vlagateljev, pogajanja in pomo\u010d pri zapiranju. Skupaj z vami razvijamo jasen na\u010drt za zbiranje kapitala z jasno opredeljenim \u010dasovnim okvirom, identificiramo potencialne investitorje, dolo\u010dimo vrednost va\u0161ega podjetja, se pogajamo o najbolj\u0161ih mo\u017enih pogojih za nalo\u017ebo in pomagamo pri vseh vidikih sklenitve posla.<\/p>\t<\/div>\n<\/div>\n<h3 class=\"qodef-e-title-holder\">\n\t<span class=\"qodef-e-title\">Za katero stopnjo zbiranja kapitala ste specializirani?<\/span>\n\t<span class=\"qodef-e-mark\">\n\t\t<span class=\"qodef-icon--plus\">\n\t\t\t\t\t\t\t+\n\t\t\t\t\t\t<\/span>\n\t\t<span class=\"qodef-icon--minus\">\n\t\t\t\t\t\t\t-\n\t\t\t\t\t\t<\/span>\n\t<\/span>\n<\/h3>\n<div class=\"qodef-e-content\">\n\t<div class=\"qodef-e-content-inner\">\n\t\t<p>Specializirani smo za semena, serije A in serije B zbiranja sredstev. Vendar imamo izku\u0161nje s \u0161tevilnimi stopnjami zbiranja sredstev in lahko svoje storitve prilagodimo va\u0161im posebnim potrebam.<\/p>\t<\/div>\n<\/div>\n<h3 class=\"qodef-e-title-holder\">\n\t<span class=\"qodef-e-title\">Kako najdete potencialne investitorje za moje podjetje?<\/span>\n\t<span class=\"qodef-e-mark\">\n\t\t<span class=\"qodef-icon--plus\">\n\t\t\t\t\t\t\t+\n\t\t\t\t\t\t<\/span>\n\t\t<span class=\"qodef-icon--minus\">\n\t\t\t\t\t\t\t-\n\t\t\t\t\t\t<\/span>\n\t<\/span>\n<\/h3>\n<div class=\"qodef-e-content\">\n\t<div class=\"qodef-e-content-inner\">\n\t\t<p>Najprej moramo dobro razumeti va\u0161e podjetje in va\u0161o klju\u010dno ekipo. Ko to poznamo, ugotovimo, kak\u0161no dodatno vrednost, poleg denarja, naj idealni investitor prinese. Ko spoznamo vsa dejstva, uporabimo na\u0161o in partnersko obse\u017eno mre\u017eo stikov in strokovnega znanja pri zbiranju sredstev, da identificiramo potencialne vlagatelje za va\u0161e podjetje in se z njimi pribli\u017eamo. Za promocijo va\u0161ega podjetja potencialnim vlagateljem uporabljamo tudi razli\u010dne marketin\u0161ke strategije in strategije ozave\u0161\u010danja.<\/p>\t<\/div>\n<\/div>\n<h3 class=\"qodef-e-title-holder\">\n\t<span class=\"qodef-e-title\">Kako izpogajati najbolj\u0161e mo\u017ene pogoje za prodajo mojega podjetja?<\/span>\n\t<span class=\"qodef-e-mark\">\n\t\t<span class=\"qodef-icon--plus\">\n\t\t\t\t\t\t\t+\n\t\t\t\t\t\t<\/span>\n\t\t<span class=\"qodef-icon--minus\">\n\t\t\t\t\t\t\t-\n\t\t\t\t\t\t<\/span>\n\t<\/span>\n<\/h3>\n<div class=\"qodef-e-content\">\n\t<div class=\"qodef-e-content-inner\">\n\t\t<p>Imamo bogate izku\u0161nje s pogajanji v imenu podjetij, ki \u017eelijo prodati. Tesno sodelujemo z vami, da razumemo va\u0161e prednostne naloge in uporabimo svoje strokovno znanje za pogajanja o najbolj\u0161ih mo\u017enih pogojih za prodajo va\u0161ega podjetja. Poleg cene je pomembnih ve\u010d determinant, ki vklju\u010dujejo: mehanizem za dolo\u010danje prodajne cene, pla\u010dilne pogoje, zaklju\u010dne pogoje (predhodne pogoje), zastopanja in jamstva, od\u0161kodninske dolo\u010dbe, dolo\u010dbe o prepovedi konkurence in nenagovarjanja, dolo\u010dbe o zaupnosti in storitve prehoda. po zaprtju. Uporaba usposobljenega finan\u010dnega svetovalca se izka\u017ee za koristno pri doseganju bolj\u0161ih pogojev, hitrej\u0161e izvedbe in bolj\u0161ega pogajalskega polo\u017eaja, z znano paleto alternativ izpogajanemu dogovoru.<\/p>\t<\/div>\n<\/div>\n<h3 class=\"qodef-e-title-holder\">\n\t<span class=\"qodef-e-title\">Kako pomagate pri postopku zaklju\u010dka transakcije?<\/span>\n\t<span class=\"qodef-e-mark\">\n\t\t<span class=\"qodef-icon--plus\">\n\t\t\t\t\t\t\t+\n\t\t\t\t\t\t<\/span>\n\t\t<span class=\"qodef-icon--minus\">\n\t\t\t\t\t\t\t-\n\t\t\t\t\t\t<\/span>\n\t<\/span>\n<\/h3>\n<div class=\"qodef-e-content\">\n\t<div class=\"qodef-e-content-inner\">\n\t\t<p>Pomagamo pri vseh vidikih zaklju\u010dka posla, vklju\u010dno s prenosom lastni\u0161tva in izpla\u010dilom sredstev. Pomagamo vam pri vseh analizah in elaboratih, ki bi jih morebitno zahtevale agencije za varstvo konkurence za odobritev prodaje. Tesno sodelujemo z vami in va\u0161o pravno ekipo, da zagotovimo, da postopek zapiranja poteka gladko in u\u010dinkovito.<\/p>\t<\/div>\n<\/div>\n<\/div>\n\t\t<\/div>\n\t\t\t\t<\/div>\n\t\t\t\t\t<\/div>\n\t\t<\/div>\n\t\t\t\t\t\t\t<\/div>\n\t\t<\/section>\n\t\t\t\t<section class=\"elementor-section elementor-inner-section elementor-element elementor-element-4872a16f elementor-section-boxed elementor-section-height-default elementor-section-height-default qodef-elementor-content-no\" data-id=\"4872a16f\" data-element_type=\"section\">\n\t\t\t\t\t\t<div class=\"elementor-container elementor-column-gap-default\">\n\t\t\t\t\t<div class=\"elementor-column elementor-col-100 elementor-inner-column elementor-element elementor-element-54bf94a6\" data-id=\"54bf94a6\" data-element_type=\"column\">\n\t\t\t<div class=\"elementor-widget-wrap elementor-element-populated\">\n\t\t\t\t\t\t\t\t<div class=\"elementor-element elementor-element-51b5a5af elementor-widget elementor-widget-text-editor\" data-id=\"51b5a5af\" data-element_type=\"widget\" data-widget_type=\"text-editor.default\">\n\t\t\t\t<div class=\"elementor-widget-container\">\n\t\t\t\t\t\t\t<p>Ali se v va\u0161ih mislih pojavljajo vpra\u0161anja? Za ve\u010d informacij se lahko zmeraj obrnete na nas.<\/p>\t\t\t\t\t\t<\/div>\n\t\t\t\t<\/div>\n\t\t\t\t<div class=\"elementor-element elementor-element-4c3f4781 elementor-widget elementor-widget-halstein_core_button\" data-id=\"4c3f4781\" data-element_type=\"widget\" data-widget_type=\"halstein_core_button.default\">\n\t\t\t\t<div class=\"elementor-widget-container\">\n\t\t\t<a class=\"qodef-shortcode qodef-m  qodef-button qodef-layout--filled-one  qodef-html--link\" href=\"https:\/\/calendly.com\/lep-elevate\/\" target=\"_self\" data-hover-color=\"#7F37BB\" data-hover-background-color=\"#02010100\" data-hover-border-color=\"#7F37BB\" style=\"color: #FFFFFF;background-color: #7F37BB\">\n\t<span class=\"qodef-m-text\">Kontakt<\/span>\n<\/a>\n\t\t<\/div>\n\t\t\t\t<\/div>\n\t\t\t\t\t<\/div>\n\t\t<\/div>\n\t\t\t\t\t\t\t<\/div>\n\t\t<\/section>\n\t\t\t\t\t<\/div>\n\t\t<\/div>\n\t\t\t\t\t\t\t<\/div>\n\t\t<\/section>\n\t\t\t\t\t\t\t<\/div>","protected":false},"excerpt":{"rendered":"<p>Looking to raise capital to grow your business? Our fundraising advisory services can help you navigate the complex process of raising capital, expediate it tremendously and maximize the value you get for the stake you give up. From seed capital through series A funding and beyond, our know-how and track records enable us to effectively [&hellip;]<\/p>","protected":false},"author":1,"featured_media":0,"parent":0,"menu_order":0,"comment_status":"closed","ping_status":"closed","template":"","meta":{"footnotes":""},"class_list":["post-10508","page","type-page","status-publish","hentry"],"_links":{"self":[{"href":"https:\/\/lep-elevate.si\/sl\/wp-json\/wp\/v2\/pages\/10508","targetHints":{"allow":["GET"]}}],"collection":[{"href":"https:\/\/lep-elevate.si\/sl\/wp-json\/wp\/v2\/pages"}],"about":[{"href":"https:\/\/lep-elevate.si\/sl\/wp-json\/wp\/v2\/types\/page"}],"author":[{"embeddable":true,"href":"https:\/\/lep-elevate.si\/sl\/wp-json\/wp\/v2\/users\/1"}],"replies":[{"embeddable":true,"href":"https:\/\/lep-elevate.si\/sl\/wp-json\/wp\/v2\/comments?post=10508"}],"version-history":[{"count":38,"href":"https:\/\/lep-elevate.si\/sl\/wp-json\/wp\/v2\/pages\/10508\/revisions"}],"predecessor-version":[{"id":12884,"href":"https:\/\/lep-elevate.si\/sl\/wp-json\/wp\/v2\/pages\/10508\/revisions\/12884"}],"wp:attachment":[{"href":"https:\/\/lep-elevate.si\/sl\/wp-json\/wp\/v2\/media?parent=10508"}],"curies":[{"name":"wp","href":"https:\/\/api.w.org\/{rel}","templated":true}]}}