{"id":13010,"date":"2023-07-03T12:43:35","date_gmt":"2023-07-03T12:43:35","guid":{"rendered":"https:\/\/lep-elevate.si\/?page_id=13010"},"modified":"2023-07-14T08:36:40","modified_gmt":"2023-07-14T08:36:40","slug":"insights","status":"publish","type":"page","link":"https:\/\/lep-elevate.si\/sl\/insights\/","title":{"rendered":"Blog"},"content":{"rendered":"<div data-elementor-type=\"wp-page\" data-elementor-id=\"13010\" class=\"elementor elementor-13010\">\n\t\t\t\t\t\t\t\t\t<section class=\"elementor-section elementor-top-section elementor-element elementor-element-58d83ed elementor-section-boxed elementor-section-height-default elementor-section-height-default qodef-elementor-content-no\" data-id=\"58d83ed\" data-element_type=\"section\">\n\t\t\t\t\t\t<div class=\"elementor-container elementor-column-gap-default\">\n\t\t\t\t\t<div class=\"elementor-column elementor-col-100 elementor-top-column elementor-element elementor-element-fe46c9c\" data-id=\"fe46c9c\" data-element_type=\"column\">\n\t\t\t<div class=\"elementor-widget-wrap elementor-element-populated\">\n\t\t\t\t\t\t\t\t<section class=\"elementor-section elementor-inner-section elementor-element elementor-element-ad67e93 elementor-section-boxed elementor-section-height-default elementor-section-height-default qodef-elementor-content-no\" data-id=\"ad67e93\" data-element_type=\"section\">\n\t\t\t\t\t\t<div class=\"elementor-container elementor-column-gap-default\">\n\t\t\t\t\t<div class=\"elementor-column elementor-col-100 elementor-inner-column elementor-element elementor-element-5d79d07\" data-id=\"5d79d07\" data-element_type=\"column\">\n\t\t\t<div class=\"elementor-widget-wrap elementor-element-populated\">\n\t\t\t\t\t\t\t\t<div class=\"elementor-element elementor-element-61084a2 elementor-widget elementor-widget-qi_addons_for_elementor_blog_list\" data-id=\"61084a2\" data-element_type=\"widget\" data-widget_type=\"qi_addons_for_elementor_blog_list.default\">\n\t\t\t\t<div class=\"elementor-widget-container\">\n\t\t\t<div class=\"qodef-shortcode qodef-m  qodef-addons-blog-list qodef-info-no-icons  qodef-image--hover-zoom   qodef-qi-grid qodef-layout--qi-columns  qodef-col-num--3  qodef-item-layout--boxed qodef-responsive--predefined\" >\n\t<div class=\"qodef-grid-inner\">\n\t\t<article class=\"qodef-e qodef-blog-item qodef-grid-item qodef-item--full post-12981 post type-post status-publish format-standard has-post-thumbnail hentry category-business category-capital-raising category-company-acquisition category-company-sale category-finance tag-advisory-in-a-sale-of-a-company tag-buying-a-company tag-due-diligence tag-financial-due-diligence tag-selling-a-company\">\n\t<div class=\"qodef-e-inner\">\n\t\t<div class=\"qodef-e-media-holder\">\n\t\t\t<div class=\"qodef-e-media\">\n\t\t<div class=\"qodef-e-media-image\">\n\t\t<a itemprop=\"url\" href=\"https:\/\/lep-elevate.si\/sl\/2023\/07\/03\/company-due-diligence\/\">\n\t\t\t<img decoding=\"async\" width=\"600\" height=\"300\" src=\"https:\/\/lep-elevate.si\/wp-content\/uploads\/2023\/07\/Blog_Due-diligence.png\" class=\"attachment-full size-full\" alt=\"\" srcset=\"https:\/\/lep-elevate.si\/wp-content\/uploads\/2023\/07\/Blog_Due-diligence.png 600w, https:\/\/lep-elevate.si\/wp-content\/uploads\/2023\/07\/Blog_Due-diligence-300x150.png 300w, https:\/\/lep-elevate.si\/wp-content\/uploads\/2023\/07\/Blog_Due-diligence-18x9.png 18w\" sizes=\"(max-width: 600px) 100vw, 600px\" \/>\t\t<\/a>\n\t\t\t<\/div>\n<\/div>\n<div itemprop=\"dateCreated\" class=\"qodef-e-info-item qodef-e-info-date entry-date\">\n\t<a itemprop=\"url\" href=\"https:\/\/lep-elevate.si\/sl\/2023\/07\/\">\n\t\t3 Jul\t<\/a>\n<\/div>\n\t\t<\/div>\n\t\t<div class=\"qodef-e-content\">\n\t\t\t\t\t\t\t<div class=\"qodef-e-info qodef-info--top\">\n\t\t\t\t\t\t\t\t\t<\/div>\n\t\t\t\t\t\t<div class=\"qodef-e-text\">\n\t\t\t\t<h4 itemprop=\"name\" class=\"qodef-e-title entry-title\">\n\t<a itemprop=\"url\" class=\"qodef-e-title-link\" href=\"https:\/\/lep-elevate.si\/sl\/2023\/07\/03\/company-due-diligence\/\">\n\t\tSkrbni pregled podjetja\t<\/a>\n<\/h4>\n\t\t<p itemprop=\"description\" class=\"qodef-e-excerpt\">\n\t\t\tKaj je skrbni pregled, kdo ga izvaja in zakaj se podjetja odlo\u010dijo zanj?\t\t<\/p>\n\t\t\t\t<\/div>\n\t\t\t\t\t\t\t<div class=\"qodef-e-info qodef-info--bottom\">\n\t\t\t\t\t\t<div class=\"qodef-e-read-more\">\n\t\t<a class=\"qodef-shortcode qodef-m  qodef-qi-button qodef-html--link qodef-layout--filled qodef-type--inner-border qodef-size--small  qodef-icon--right qodef-hover--icon-move-horizontal-short\" href=\"https:\/\/lep-elevate.si\/sl\/2023\/07\/03\/company-due-diligence\/\" target=\"_self\">\t<span class=\"qodef-m-text\">Read More<\/span>\t\t<div class=\"qodef-m-inner-border\">\t\t\t\t\t<span class=\"qodef-m-border-top\"><\/span>\t\t\t<span class=\"qodef-m-border-right\"><\/span>\t\t\t<span class=\"qodef-m-border-bottom\"><\/span>\t\t\t<span class=\"qodef-m-border-left\"><\/span>\t\t\t\t<\/div>\t<\/a>\t<\/div>\n\t\t\t\t<\/div>\n\t\t\t\t\t<\/div>\n\t<\/div>\n<\/article>\n<article class=\"qodef-e qodef-blog-item qodef-grid-item qodef-item--full post-12975 post type-post status-publish format-standard has-post-thumbnail hentry category-business category-company-acquisition category-company-sale category-finance tag-advisory-on-selling-a-family-business tag-family-business-valuations tag-family-businesses tag-selling-a-family-business\">\n\t<div class=\"qodef-e-inner\">\n\t\t<div class=\"qodef-e-media-holder\">\n\t\t\t<div class=\"qodef-e-media\">\n\t\t<div class=\"qodef-e-media-image\">\n\t\t<a itemprop=\"url\" href=\"https:\/\/lep-elevate.si\/sl\/2023\/06\/27\/acquisitions-of-family-businesses\/\">\n\t\t\t<img decoding=\"async\" width=\"600\" height=\"300\" src=\"https:\/\/lep-elevate.si\/wp-content\/uploads\/2023\/06\/Blog_Selling-a-family-company.png\" class=\"attachment-full size-full\" alt=\"\" srcset=\"https:\/\/lep-elevate.si\/wp-content\/uploads\/2023\/06\/Blog_Selling-a-family-company.png 600w, https:\/\/lep-elevate.si\/wp-content\/uploads\/2023\/06\/Blog_Selling-a-family-company-300x150.png 300w, https:\/\/lep-elevate.si\/wp-content\/uploads\/2023\/06\/Blog_Selling-a-family-company-18x9.png 18w\" sizes=\"(max-width: 600px) 100vw, 600px\" \/>\t\t<\/a>\n\t\t\t<\/div>\n<\/div>\n<div itemprop=\"dateCreated\" class=\"qodef-e-info-item qodef-e-info-date entry-date\">\n\t<a itemprop=\"url\" href=\"https:\/\/lep-elevate.si\/sl\/2023\/06\/\">\n\t\t27 Jun\t<\/a>\n<\/div>\n\t\t<\/div>\n\t\t<div class=\"qodef-e-content\">\n\t\t\t\t\t\t\t<div class=\"qodef-e-info qodef-info--top\">\n\t\t\t\t\t\t\t\t\t<\/div>\n\t\t\t\t\t\t<div class=\"qodef-e-text\">\n\t\t\t\t<h4 itemprop=\"name\" class=\"qodef-e-title entry-title\">\n\t<a itemprop=\"url\" class=\"qodef-e-title-link\" href=\"https:\/\/lep-elevate.si\/sl\/2023\/06\/27\/acquisitions-of-family-businesses\/\">\n\t\tProdaja dru\u017einskega podjetja\t<\/a>\n<\/h4>\n\t\t<p itemprop=\"description\" class=\"qodef-e-excerpt\">\n\t\t\tKatere vrzeli nastanejo pri prodajah in prevzemih dru\u017einskih podjetij in zakaj so izpla\u010dane premije navadno ni\u017eje?\t\t<\/p>\n\t\t\t\t<\/div>\n\t\t\t\t\t\t\t<div class=\"qodef-e-info qodef-info--bottom\">\n\t\t\t\t\t\t<div class=\"qodef-e-read-more\">\n\t\t<a class=\"qodef-shortcode qodef-m  qodef-qi-button qodef-html--link qodef-layout--filled qodef-type--inner-border qodef-size--small  qodef-icon--right qodef-hover--icon-move-horizontal-short\" href=\"https:\/\/lep-elevate.si\/sl\/2023\/06\/27\/acquisitions-of-family-businesses\/\" target=\"_self\">\t<span class=\"qodef-m-text\">Read More<\/span>\t\t<div class=\"qodef-m-inner-border\">\t\t\t\t\t<span class=\"qodef-m-border-top\"><\/span>\t\t\t<span class=\"qodef-m-border-right\"><\/span>\t\t\t<span class=\"qodef-m-border-bottom\"><\/span>\t\t\t<span class=\"qodef-m-border-left\"><\/span>\t\t\t\t<\/div>\t<\/a>\t<\/div>\n\t\t\t\t<\/div>\n\t\t\t\t\t<\/div>\n\t<\/div>\n<\/article>\n<article class=\"qodef-e qodef-blog-item qodef-grid-item qodef-item--full post-12966 post type-post status-publish format-standard has-post-thumbnail hentry category-business category-company-sale category-finance tag-advisory-in-business-acqusition tag-buying-a-business tag-selling-a-business-process\">\n\t<div class=\"qodef-e-inner\">\n\t\t<div class=\"qodef-e-media-holder\">\n\t\t\t<div class=\"qodef-e-media\">\n\t\t<div class=\"qodef-e-media-image\">\n\t\t<a itemprop=\"url\" href=\"https:\/\/lep-elevate.si\/sl\/2023\/06\/20\/buying-a-company-the-process\/\">\n\t\t\t<img decoding=\"async\" width=\"599\" height=\"300\" src=\"https:\/\/lep-elevate.si\/wp-content\/uploads\/2023\/06\/Blog_Signing-the-SPA.png\" class=\"attachment-full size-full\" alt=\"\" srcset=\"https:\/\/lep-elevate.si\/wp-content\/uploads\/2023\/06\/Blog_Signing-the-SPA.png 599w, https:\/\/lep-elevate.si\/wp-content\/uploads\/2023\/06\/Blog_Signing-the-SPA-300x150.png 300w, https:\/\/lep-elevate.si\/wp-content\/uploads\/2023\/06\/Blog_Signing-the-SPA-18x9.png 18w\" sizes=\"(max-width: 599px) 100vw, 599px\" \/>\t\t<\/a>\n\t\t\t<\/div>\n<\/div>\n<div itemprop=\"dateCreated\" class=\"qodef-e-info-item qodef-e-info-date entry-date\">\n\t<a itemprop=\"url\" href=\"https:\/\/lep-elevate.si\/sl\/2023\/06\/\">\n\t\t20 Jun\t<\/a>\n<\/div>\n\t\t<\/div>\n\t\t<div class=\"qodef-e-content\">\n\t\t\t\t\t\t\t<div class=\"qodef-e-info qodef-info--top\">\n\t\t\t\t\t\t\t\t\t<\/div>\n\t\t\t\t\t\t<div class=\"qodef-e-text\">\n\t\t\t\t<h4 itemprop=\"name\" class=\"qodef-e-title entry-title\">\n\t<a itemprop=\"url\" class=\"qodef-e-title-link\" href=\"https:\/\/lep-elevate.si\/sl\/2023\/06\/20\/buying-a-company-the-process\/\">\n\t\tNakup podjetja\t<\/a>\n<\/h4>\n\t\t<p itemprop=\"description\" class=\"qodef-e-excerpt\">\n\t\t\tKak\u0161en je proces nakupa podjetja in kdaj je priporo\u010dljivo najeti finan\u010dnega svetovalca?\t\t<\/p>\n\t\t\t\t<\/div>\n\t\t\t\t\t\t\t<div class=\"qodef-e-info qodef-info--bottom\">\n\t\t\t\t\t\t<div class=\"qodef-e-read-more\">\n\t\t<a class=\"qodef-shortcode qodef-m  qodef-qi-button qodef-html--link qodef-layout--filled qodef-type--inner-border qodef-size--small  qodef-icon--right qodef-hover--icon-move-horizontal-short\" href=\"https:\/\/lep-elevate.si\/sl\/2023\/06\/20\/buying-a-company-the-process\/\" target=\"_self\">\t<span class=\"qodef-m-text\">Read More<\/span>\t\t<div class=\"qodef-m-inner-border\">\t\t\t\t\t<span class=\"qodef-m-border-top\"><\/span>\t\t\t<span class=\"qodef-m-border-right\"><\/span>\t\t\t<span class=\"qodef-m-border-bottom\"><\/span>\t\t\t<span class=\"qodef-m-border-left\"><\/span>\t\t\t\t<\/div>\t<\/a>\t<\/div>\n\t\t\t\t<\/div>\n\t\t\t\t\t<\/div>\n\t<\/div>\n<\/article>\n<article class=\"qodef-e qodef-blog-item qodef-grid-item qodef-item--full post-12960 post type-post status-publish format-standard has-post-thumbnail hentry category-business category-company-sale category-finance tag-process-of-selling-a-business tag-sale-of-a-business tag-sale-of-a-company tag-sale-of-a-going-concern\">\n\t<div class=\"qodef-e-inner\">\n\t\t<div class=\"qodef-e-media-holder\">\n\t\t\t<div class=\"qodef-e-media\">\n\t\t<div class=\"qodef-e-media-image\">\n\t\t<a itemprop=\"url\" href=\"https:\/\/lep-elevate.si\/sl\/2023\/06\/13\/the-process-of-selling-a-company\/\">\n\t\t\t<img decoding=\"async\" width=\"600\" height=\"300\" src=\"https:\/\/lep-elevate.si\/wp-content\/uploads\/2023\/06\/Blog_Selling-a-company.png\" class=\"attachment-full size-full\" alt=\"\" srcset=\"https:\/\/lep-elevate.si\/wp-content\/uploads\/2023\/06\/Blog_Selling-a-company.png 600w, https:\/\/lep-elevate.si\/wp-content\/uploads\/2023\/06\/Blog_Selling-a-company-300x150.png 300w, https:\/\/lep-elevate.si\/wp-content\/uploads\/2023\/06\/Blog_Selling-a-company-18x9.png 18w\" sizes=\"(max-width: 600px) 100vw, 600px\" \/>\t\t<\/a>\n\t\t\t<\/div>\n<\/div>\n<div itemprop=\"dateCreated\" class=\"qodef-e-info-item qodef-e-info-date entry-date\">\n\t<a itemprop=\"url\" href=\"https:\/\/lep-elevate.si\/sl\/2023\/06\/\">\n\t\t13 Jun\t<\/a>\n<\/div>\n\t\t<\/div>\n\t\t<div class=\"qodef-e-content\">\n\t\t\t\t\t\t\t<div class=\"qodef-e-info qodef-info--top\">\n\t\t\t\t\t\t\t\t\t<\/div>\n\t\t\t\t\t\t<div class=\"qodef-e-text\">\n\t\t\t\t<h4 itemprop=\"name\" class=\"qodef-e-title entry-title\">\n\t<a itemprop=\"url\" class=\"qodef-e-title-link\" href=\"https:\/\/lep-elevate.si\/sl\/2023\/06\/13\/the-process-of-selling-a-company\/\">\n\t\tPostopek prodaje podjetja\t<\/a>\n<\/h4>\n\t\t<p itemprop=\"description\" class=\"qodef-e-excerpt\">\n\t\t\tProdaja podjetja - kak\u0161en je proces in zakaj je priporo\u010dljivo najeti finan\u010dnega svetovalca pri prodaji delujo\u010dega podjetja?\t\t<\/p>\n\t\t\t\t<\/div>\n\t\t\t\t\t\t\t<div class=\"qodef-e-info qodef-info--bottom\">\n\t\t\t\t\t\t<div class=\"qodef-e-read-more\">\n\t\t<a class=\"qodef-shortcode qodef-m  qodef-qi-button qodef-html--link qodef-layout--filled qodef-type--inner-border qodef-size--small  qodef-icon--right qodef-hover--icon-move-horizontal-short\" href=\"https:\/\/lep-elevate.si\/sl\/2023\/06\/13\/the-process-of-selling-a-company\/\" target=\"_self\">\t<span class=\"qodef-m-text\">Read More<\/span>\t\t<div class=\"qodef-m-inner-border\">\t\t\t\t\t<span class=\"qodef-m-border-top\"><\/span>\t\t\t<span class=\"qodef-m-border-right\"><\/span>\t\t\t<span class=\"qodef-m-border-bottom\"><\/span>\t\t\t<span class=\"qodef-m-border-left\"><\/span>\t\t\t\t<\/div>\t<\/a>\t<\/div>\n\t\t\t\t<\/div>\n\t\t\t\t\t<\/div>\n\t<\/div>\n<\/article>\n<article class=\"qodef-e qodef-blog-item qodef-grid-item qodef-item--full post-1509 post type-post status-publish format-standard has-post-thumbnail hentry category-business category-finance tag-business-combination tag-mergers-and-acquisitions\">\n\t<div class=\"qodef-e-inner\">\n\t\t<div class=\"qodef-e-media-holder\">\n\t\t\t<div class=\"qodef-e-media\">\n\t\t<div class=\"qodef-e-media-image\">\n\t\t<a itemprop=\"url\" href=\"https:\/\/lep-elevate.si\/sl\/2023\/06\/06\/mergers-and-acquisitions\/\">\n\t\t\t<img decoding=\"async\" width=\"600\" height=\"300\" src=\"https:\/\/lep-elevate.si\/wp-content\/uploads\/2023\/06\/Blog_What-is-MA.png\" class=\"attachment-full size-full\" alt=\"\" srcset=\"https:\/\/lep-elevate.si\/wp-content\/uploads\/2023\/06\/Blog_What-is-MA.png 600w, https:\/\/lep-elevate.si\/wp-content\/uploads\/2023\/06\/Blog_What-is-MA-300x150.png 300w, https:\/\/lep-elevate.si\/wp-content\/uploads\/2023\/06\/Blog_What-is-MA-18x9.png 18w\" sizes=\"(max-width: 600px) 100vw, 600px\" \/>\t\t<\/a>\n\t\t\t<\/div>\n<\/div>\n<div itemprop=\"dateCreated\" class=\"qodef-e-info-item qodef-e-info-date entry-date\">\n\t<a itemprop=\"url\" href=\"https:\/\/lep-elevate.si\/sl\/2023\/06\/\">\n\t\t6 Jun\t<\/a>\n<\/div>\n\t\t<\/div>\n\t\t<div class=\"qodef-e-content\">\n\t\t\t\t\t\t\t<div class=\"qodef-e-info qodef-info--top\">\n\t\t\t\t\t\t\t\t\t<\/div>\n\t\t\t\t\t\t<div class=\"qodef-e-text\">\n\t\t\t\t<h4 itemprop=\"name\" class=\"qodef-e-title entry-title\">\n\t<a itemprop=\"url\" class=\"qodef-e-title-link\" href=\"https:\/\/lep-elevate.si\/sl\/2023\/06\/06\/mergers-and-acquisitions\/\">\n\t\tVrste zdru\u017eitev in prevzemov\t<\/a>\n<\/h4>\n\t\t<p itemprop=\"description\" class=\"qodef-e-excerpt\">\n\t\t\tKak\u0161ne tipe zdru\u017eitev in prevzemov poznamo in kak\u0161ne so njihove razlike?\t\t<\/p>\n\t\t\t\t<\/div>\n\t\t\t\t\t\t\t<div class=\"qodef-e-info qodef-info--bottom\">\n\t\t\t\t\t\t<div class=\"qodef-e-read-more\">\n\t\t<a class=\"qodef-shortcode qodef-m  qodef-qi-button qodef-html--link qodef-layout--filled qodef-type--inner-border qodef-size--small  qodef-icon--right qodef-hover--icon-move-horizontal-short\" href=\"https:\/\/lep-elevate.si\/sl\/2023\/06\/06\/mergers-and-acquisitions\/\" target=\"_self\">\t<span class=\"qodef-m-text\">Read More<\/span>\t\t<div class=\"qodef-m-inner-border\">\t\t\t\t\t<span class=\"qodef-m-border-top\"><\/span>\t\t\t<span class=\"qodef-m-border-right\"><\/span>\t\t\t<span class=\"qodef-m-border-bottom\"><\/span>\t\t\t<span class=\"qodef-m-border-left\"><\/span>\t\t\t\t<\/div>\t<\/a>\t<\/div>\n\t\t\t\t<\/div>\n\t\t\t\t\t<\/div>\n\t<\/div>\n<\/article>\n<article class=\"qodef-e qodef-blog-item qodef-grid-item qodef-item--full post-12933 post type-post status-publish format-standard has-post-thumbnail hentry category-business category-finance tag-company-sale tag-financial-advisor tag-structured-sales-proces\">\n\t<div class=\"qodef-e-inner\">\n\t\t<div class=\"qodef-e-media-holder\">\n\t\t\t<div class=\"qodef-e-media\">\n\t\t<div class=\"qodef-e-media-image\">\n\t\t<a itemprop=\"url\" href=\"https:\/\/lep-elevate.si\/sl\/2023\/05\/30\/the-role-of-financial-advisors-in-a-structured-sales-process\/\">\n\t\t\t<img decoding=\"async\" width=\"600\" height=\"300\" src=\"https:\/\/lep-elevate.si\/wp-content\/uploads\/2023\/05\/Blog_Financial-advisors.png\" class=\"attachment-full size-full\" alt=\"\" srcset=\"https:\/\/lep-elevate.si\/wp-content\/uploads\/2023\/05\/Blog_Financial-advisors.png 600w, https:\/\/lep-elevate.si\/wp-content\/uploads\/2023\/05\/Blog_Financial-advisors-300x150.png 300w, https:\/\/lep-elevate.si\/wp-content\/uploads\/2023\/05\/Blog_Financial-advisors-18x9.png 18w\" sizes=\"(max-width: 600px) 100vw, 600px\" \/>\t\t<\/a>\n\t\t\t<\/div>\n<\/div>\n<div itemprop=\"dateCreated\" class=\"qodef-e-info-item qodef-e-info-date entry-date\">\n\t<a itemprop=\"url\" href=\"https:\/\/lep-elevate.si\/sl\/2023\/05\/\">\n\t\t30 Maj\t<\/a>\n<\/div>\n\t\t<\/div>\n\t\t<div class=\"qodef-e-content\">\n\t\t\t\t\t\t\t<div class=\"qodef-e-info qodef-info--top\">\n\t\t\t\t\t\t\t\t\t<\/div>\n\t\t\t\t\t\t<div class=\"qodef-e-text\">\n\t\t\t\t<h4 itemprop=\"name\" class=\"qodef-e-title entry-title\">\n\t<a itemprop=\"url\" class=\"qodef-e-title-link\" href=\"https:\/\/lep-elevate.si\/sl\/2023\/05\/30\/the-role-of-financial-advisors-in-a-structured-sales-process\/\">\n\t\tVloga finan\u010dnih svetovalcev v strukturiranem prodajnem procesu\t<\/a>\n<\/h4>\n\t\t<p itemprop=\"description\" class=\"qodef-e-excerpt\">\n\t\t\tV zadnjem \u010dasu se vse ve\u010d podjetij za finan\u010dno svetovanje obra\u010da na \"buti\u010dne\" svetovalce za zdru\u017eitve in prevzeme.\t\t<\/p>\n\t\t\t\t<\/div>\n\t\t\t\t\t\t\t<div class=\"qodef-e-info qodef-info--bottom\">\n\t\t\t\t\t\t<div class=\"qodef-e-read-more\">\n\t\t<a class=\"qodef-shortcode qodef-m  qodef-qi-button qodef-html--link qodef-layout--filled qodef-type--inner-border qodef-size--small  qodef-icon--right qodef-hover--icon-move-horizontal-short\" href=\"https:\/\/lep-elevate.si\/sl\/2023\/05\/30\/the-role-of-financial-advisors-in-a-structured-sales-process\/\" target=\"_self\">\t<span class=\"qodef-m-text\">Read More<\/span>\t\t<div class=\"qodef-m-inner-border\">\t\t\t\t\t<span class=\"qodef-m-border-top\"><\/span>\t\t\t<span class=\"qodef-m-border-right\"><\/span>\t\t\t<span class=\"qodef-m-border-bottom\"><\/span>\t\t\t<span class=\"qodef-m-border-left\"><\/span>\t\t\t\t<\/div>\t<\/a>\t<\/div>\n\t\t\t\t<\/div>\n\t\t\t\t\t<\/div>\n\t<\/div>\n<\/article>\n\t<\/div>\n\t<\/div>\n\t\t<\/div>\n\t\t\t\t<\/div>\n\t\t\t\t\t<\/div>\n\t\t<\/div>\n\t\t\t\t\t\t\t<\/div>\n\t\t<\/section>\n\t\t\t\t\t<\/div>\n\t\t<\/div>\n\t\t\t\t\t\t\t<\/div>\n\t\t<\/section>\n\t\t\t\t\t\t\t<\/div>","protected":false},"excerpt":{"rendered":"<p>3 Jul Company due diligence What is due diligence, who performs it and why do companies undertake it? Read More 27 Jun Acquisition of a family business What are the gaps that arise in mergers and acquisitions of family businesses and why are the premiums paid lower in this case? Read More 20 Jun Buying [&hellip;]<\/p>","protected":false},"author":4,"featured_media":0,"parent":0,"menu_order":0,"comment_status":"closed","ping_status":"closed","template":"","meta":{"footnotes":""},"class_list":["post-13010","page","type-page","status-publish","hentry"],"_links":{"self":[{"href":"https:\/\/lep-elevate.si\/sl\/wp-json\/wp\/v2\/pages\/13010","targetHints":{"allow":["GET"]}}],"collection":[{"href":"https:\/\/lep-elevate.si\/sl\/wp-json\/wp\/v2\/pages"}],"about":[{"href":"https:\/\/lep-elevate.si\/sl\/wp-json\/wp\/v2\/types\/page"}],"author":[{"embeddable":true,"href":"https:\/\/lep-elevate.si\/sl\/wp-json\/wp\/v2\/users\/4"}],"replies":[{"embeddable":true,"href":"https:\/\/lep-elevate.si\/sl\/wp-json\/wp\/v2\/comments?post=13010"}],"version-history":[{"count":59,"href":"https:\/\/lep-elevate.si\/sl\/wp-json\/wp\/v2\/pages\/13010\/revisions"}],"predecessor-version":[{"id":13206,"href":"https:\/\/lep-elevate.si\/sl\/wp-json\/wp\/v2\/pages\/13010\/revisions\/13206"}],"wp:attachment":[{"href":"https:\/\/lep-elevate.si\/sl\/wp-json\/wp\/v2\/media?parent=13010"}],"curies":[{"name":"wp","href":"https:\/\/api.w.org\/{rel}","templated":true}]}}